{"id":1886,"date":"2022-04-04T17:45:00","date_gmt":"2022-04-04T21:45:00","guid":{"rendered":"https:\/\/www.acludc.org\/achieving-community-safety-dc-council-candidate-forum-large-races-and-council-chair\/"},"modified":"2022-04-04T17:45:00","modified_gmt":"2022-04-04T21:45:00","slug":"achieving-community-safety-dc-council-candidate-forum-large-races-and-council-chair","status":"publish","type":"page","link":"https:\/\/www.acludc.org\/es\/achieving-community-safety-dc-council-candidate-forum-large-races-and-council-chair\/","title":{"rendered":"Lograr La Seguridad De La Comunidad: Foros de candidatos para el Concejo de D.C."},"content":{"rendered":"<p>Durante d\u00e9cadas, hemos confiado fuertemente en la acci\u00f3n policial y en el encarcelamiento como medios de respuesta a las preocupaciones por la seguridad p\u00fablica. Como resultado, se provoc\u00f3 un da\u00f1o significativo a los residentes de raza negra e hispana y se hizo poco para reducir el delito. Lograr la seguridad de la comunidad exige que las autoridades del Concejo de D.C., quienes ser\u00e1n los encargados de aprobar las pol\u00edticas, terminen con las injusticias raciales y econ\u00f3micas sist\u00e9micas profundizadas por la dependencia excesiva del gobierno en la acci\u00f3n policial y el encarcelamiento. Lograr la seguridad de la comunidad significa invertir recursos en las necesidades de las comunidades de modo que puedan estar libres de sufrir da\u00f1os.<\/p>\n<p>Acomp\u00e1\u00f1enos en los foros virtuales de candidatos mientras preguntamos a los candidatos para Representates Generales y Presidente del Concejo de D.C. c\u00f3mo contribuir\u00e1n a lograr la seguridad de la comunidad si son electos para prestar sus servicios al Distrito. Todos los candidatos para Representates Generales y Presidente del Concejo que figuran en la boleta electoral de las primarias del 21 de junio han sido invitados a participar.<\/p>\n<ul>\n<li><strong>19 DE MAYO DE 2022 A LAS 6PM<\/strong>: Foro de candidatos en la eleccion de representates generales<br \/>MODERADO POR Delia Goncalves, WUSA9 reporter<\/li>\n<li><strong>26 DE MAYO DE 2022 A LAS 6PM<\/strong>: Foro de candidatos en el presidente del concejo<br \/>MODERADO POR Jenny Gathright, WAMU reporter<\/li>\n<\/ul>\n<p>Este evento es patrocinado por la Uni\u00f3n Americana de Libertades Civiles (ACLU) del Distrito de Columbia y copatrocinado por Black Lives Matter DC, Beloved Community Incubator, Council for Court Excellence y el Comit\u00e9 de Abogados de Washington por los Derechos Civiles y Asuntos Urbanos.<\/p>\n<p>Habr\u00e1 subtitulado e interpretaci\u00f3n en vivo al espa\u00f1ol disponible. Los eventos ser\u00e1n grabados. Confirme su asistencia a los foros de hoy.<\/p>\n<p><em>Por favor, tenga en cuenta lo siguiente: La Uni\u00f3n Americana de Libertades Civiles (ACLU) del Distrito de Columbia no apoya ni se opone a los candidatos para el cargo elegido.<\/em><\/p>\n","protected":false},"excerpt":{"rendered":"<p>Durante d\u00e9cadas, hemos confiado fuertemente en la acci\u00f3n policial y en el encarcelamiento como medios de respuesta a las preocupaciones por la seguridad p\u00fablica. Como resultado, se provoc\u00f3 un da\u00f1o significativo a los residentes de raza negra e hispana y se hizo poco para reducir el delito. Lograr la seguridad de la comunidad exige que [&hellip;]<\/p>\n","protected":false},"author":0,"featured_media":0,"parent":0,"menu_order":0,"comment_status":"closed","ping_status":"closed","template":"","meta":{"_acf_changed":false,"_relevanssi_hide_post":"","_relevanssi_hide_content":"","_relevanssi_pin_for_all":"","_relevanssi_pin_keywords":"","_relevanssi_unpin_keywords":"","_relevanssi_related_keywords":"","_relevanssi_related_include_ids":"","_relevanssi_related_exclude_ids":"","_relevanssi_related_no_append":"","_relevanssi_related_not_related":"","_relevanssi_related_posts":"","_relevanssi_noindex_reason":"","footnotes":""},"class_list":["post-1886","page","type-page","status-publish","hentry"],"acf":{"layout":"default","header-group":{"header-description":"","show-subnav":false,"hide-from-subnav":false},"components":[{"acf_fc_layout":"youtube","youtube":{"oembed-url":"https:\/\/www.youtube.com\/watch?v=videoseries?list=PLpTaWdWJVq8tb8RC-xI3inNqYSkn5BNe1","cover-image":""}},{"acf_fc_layout":"text","text":{"text":"Durante d\u00e9cadas, hemos confiado fuertemente en la acci\u00f3n policial y en el encarcelamiento como medios de respuesta a las preocupaciones por la seguridad p\u00fablica. Como resultado, se provoc\u00f3 un da\u00f1o significativo a los residentes de raza negra e hispana y se hizo poco para reducir el delito. Lograr la seguridad de la comunidad exige que las autoridades del Concejo de D.C., quienes ser\u00e1n los encargados de aprobar las pol\u00edticas, terminen con las injusticias raciales y econ\u00f3micas sist\u00e9micas profundizadas por la dependencia excesiva del gobierno en la acci\u00f3n policial y el encarcelamiento. Lograr la seguridad de la comunidad significa invertir recursos en las necesidades de las comunidades de modo que puedan estar libres de sufrir da\u00f1os.\n\nAcomp\u00e1\u00f1enos en los foros virtuales de candidatos mientras preguntamos a los candidatos para Representates Generales y Presidente del Concejo de D.C. c\u00f3mo contribuir\u00e1n a lograr la seguridad de la comunidad si son electos para prestar sus servicios al Distrito. Todos los candidatos para Representates Generales y Presidente del Concejo que figuran en la boleta electoral de las primarias del 21 de junio han sido invitados a participar.\n\n<ul><li><strong>19 DE MAYO DE 2022 A LAS 6PM<\/strong>: Foro de candidatos en la eleccion de representates generales<br>MODERADO POR Delia Goncalves, WUSA9 reporter<\/li><li><strong>26 DE MAYO DE 2022 A LAS 6PM<\/strong>: Foro de candidatos en el presidente del concejo<br>MODERADO POR Jenny Gathright, WAMU reporter<\/li><\/ul>\n\nEste evento es patrocinado por la Uni\u00f3n Americana de Libertades Civiles (ACLU) del Distrito de Columbia y copatrocinado por Black Lives Matter DC, Beloved Community Incubator, Council for Court Excellence y el Comit\u00e9 de Abogados de Washington por los Derechos Civiles y Asuntos Urbanos.\n\nHabr\u00e1 subtitulado e interpretaci\u00f3n en vivo al espa\u00f1ol disponible. Los eventos ser\u00e1n grabados. Confirme su asistencia a los foros de hoy.\n\n<em>Por favor, tenga en cuenta lo siguiente: La Uni\u00f3n Americana de Libertades Civiles (ACLU) del Distrito de Columbia no apoya ni se opone a los candidatos para el cargo elegido.<\/em>"}}],"section":null,"issues":null,"related_content":[],"documents":null},"yoast_head":"<!-- This site is optimized with the Yoast SEO plugin v24.9 - https:\/\/yoast.com\/wordpress\/plugins\/seo\/ -->\n<title>Lograr La Seguridad De La Comunidad: Foros de candidatos para el Concejo de D.C. - ACLU of DC<\/title>\n<meta name=\"robots\" content=\"index, follow, max-snippet:-1, max-image-preview:large, max-video-preview:-1\" \/>\n<link rel=\"canonical\" href=\"https:\/\/www.acludc.org\/es\/achieving-community-safety-dc-council-candidate-forum-large-races-and-council-chair\/\" \/>\n<meta property=\"og:locale\" content=\"es_ES\" \/>\n<meta property=\"og:type\" content=\"article\" \/>\n<meta property=\"og:title\" content=\"Lograr La Seguridad De La Comunidad: Foros de candidatos para el Concejo de D.C. - ACLU of DC\" \/>\n<meta property=\"og:description\" content=\"Durante d\u00e9cadas, hemos confiado fuertemente en la acci\u00f3n policial y en el encarcelamiento como medios de respuesta a las preocupaciones por la seguridad p\u00fablica. Como resultado, se provoc\u00f3 un da\u00f1o significativo a los residentes de raza negra e hispana y se hizo poco para reducir el delito. Lograr la seguridad de la comunidad exige que [&hellip;]\" \/>\n<meta property=\"og:url\" content=\"https:\/\/www.acludc.org\/es\/achieving-community-safety-dc-council-candidate-forum-large-races-and-council-chair\/\" \/>\n<meta property=\"og:site_name\" content=\"ACLU of DC\" \/>\n<meta property=\"og:image\" content=\"https:\/\/www.acludc.org\/app\/themes\/aclu-parent\/img\/default_fb_share.jpg\" \/>\n<meta name=\"twitter:card\" content=\"summary_large_image\" \/>\n<script type=\"application\/ld+json\" class=\"yoast-schema-graph\">{\"@context\":\"https:\/\/schema.org\",\"@graph\":[{\"@type\":\"WebPage\",\"@id\":\"https:\/\/www.acludc.org\/es\/achieving-community-safety-dc-council-candidate-forum-large-races-and-council-chair\/\",\"url\":\"https:\/\/www.acludc.org\/es\/achieving-community-safety-dc-council-candidate-forum-large-races-and-council-chair\/\",\"name\":\"Lograr La Seguridad De La Comunidad: Foros de candidatos para el Concejo de D.C. - ACLU of DC\",\"isPartOf\":{\"@id\":\"https:\/\/www.acludc.org\/#website\"},\"datePublished\":\"2022-04-04T21:45:00+00:00\",\"inLanguage\":\"es-ES\",\"potentialAction\":[{\"@type\":\"ReadAction\",\"target\":[\"https:\/\/www.acludc.org\/es\/achieving-community-safety-dc-council-candidate-forum-large-races-and-council-chair\/\"]}]},{\"@type\":\"WebSite\",\"@id\":\"https:\/\/www.acludc.org\/#website\",\"url\":\"https:\/\/www.acludc.org\/\",\"name\":\"ACLU of DC\",\"description\":\"\",\"publisher\":{\"@id\":\"https:\/\/www.acludc.org\/#organization\"},\"potentialAction\":[{\"@type\":\"SearchAction\",\"target\":{\"@type\":\"EntryPoint\",\"urlTemplate\":\"https:\/\/www.acludc.org\/?s={search_term_string}\"},\"query-input\":{\"@type\":\"PropertyValueSpecification\",\"valueRequired\":true,\"valueName\":\"search_term_string\"}}],\"inLanguage\":\"es-ES\"},{\"@type\":\"Organization\",\"@id\":\"https:\/\/www.acludc.org\/#organization\",\"name\":\"ACLU of DC\",\"url\":\"https:\/\/www.acludc.org\/\",\"logo\":{\"@type\":\"ImageObject\",\"inLanguage\":\"es-ES\",\"@id\":\"https:\/\/www.acludc.org\/#\/schema\/logo\/image\/\",\"url\":\"https:\/\/www.acludc.org\/app\/uploads\/2025\/08\/ACLU_District-of-Columbia_Moblie-Web_Color_RGB.png\",\"contentUrl\":\"https:\/\/www.acludc.org\/app\/uploads\/2025\/08\/ACLU_District-of-Columbia_Moblie-Web_Color_RGB.png\",\"width\":2084,\"height\":2084,\"caption\":\"ACLU of DC\"},\"image\":{\"@id\":\"https:\/\/www.acludc.org\/#\/schema\/logo\/image\/\"}}]}<\/script>\n<!-- \/ Yoast SEO plugin. -->","yoast_head_json":{"title":"Lograr La Seguridad De La Comunidad: Foros de candidatos para el Concejo de D.C. - ACLU of DC","robots":{"index":"index","follow":"follow","max-snippet":"max-snippet:-1","max-image-preview":"max-image-preview:large","max-video-preview":"max-video-preview:-1"},"canonical":"https:\/\/www.acludc.org\/es\/achieving-community-safety-dc-council-candidate-forum-large-races-and-council-chair\/","og_locale":"es_ES","og_type":"article","og_title":"Lograr La Seguridad De La Comunidad: Foros de candidatos para el Concejo de D.C. - ACLU of DC","og_description":"Durante d\u00e9cadas, hemos confiado fuertemente en la acci\u00f3n policial y en el encarcelamiento como medios de respuesta a las preocupaciones por la seguridad p\u00fablica. Como resultado, se provoc\u00f3 un da\u00f1o significativo a los residentes de raza negra e hispana y se hizo poco para reducir el delito. Lograr la seguridad de la comunidad exige que [&hellip;]","og_url":"https:\/\/www.acludc.org\/es\/achieving-community-safety-dc-council-candidate-forum-large-races-and-council-chair\/","og_site_name":"ACLU of DC","og_image":[{"url":"https:\/\/www.acludc.org\/app\/themes\/aclu-parent\/img\/default_fb_share.jpg","type":"","width":"","height":""}],"twitter_card":"summary_large_image","schema":{"@context":"https:\/\/schema.org","@graph":[{"@type":"WebPage","@id":"https:\/\/www.acludc.org\/es\/achieving-community-safety-dc-council-candidate-forum-large-races-and-council-chair\/","url":"https:\/\/www.acludc.org\/es\/achieving-community-safety-dc-council-candidate-forum-large-races-and-council-chair\/","name":"Lograr La Seguridad De La Comunidad: Foros de candidatos para el Concejo de D.C. - ACLU of DC","isPartOf":{"@id":"https:\/\/www.acludc.org\/#website"},"datePublished":"2022-04-04T21:45:00+00:00","inLanguage":"es-ES","potentialAction":[{"@type":"ReadAction","target":["https:\/\/www.acludc.org\/es\/achieving-community-safety-dc-council-candidate-forum-large-races-and-council-chair\/"]}]},{"@type":"WebSite","@id":"https:\/\/www.acludc.org\/#website","url":"https:\/\/www.acludc.org\/","name":"ACLU of DC","description":"","publisher":{"@id":"https:\/\/www.acludc.org\/#organization"},"potentialAction":[{"@type":"SearchAction","target":{"@type":"EntryPoint","urlTemplate":"https:\/\/www.acludc.org\/?s={search_term_string}"},"query-input":{"@type":"PropertyValueSpecification","valueRequired":true,"valueName":"search_term_string"}}],"inLanguage":"es-ES"},{"@type":"Organization","@id":"https:\/\/www.acludc.org\/#organization","name":"ACLU of DC","url":"https:\/\/www.acludc.org\/","logo":{"@type":"ImageObject","inLanguage":"es-ES","@id":"https:\/\/www.acludc.org\/#\/schema\/logo\/image\/","url":"https:\/\/www.acludc.org\/app\/uploads\/2025\/08\/ACLU_District-of-Columbia_Moblie-Web_Color_RGB.png","contentUrl":"https:\/\/www.acludc.org\/app\/uploads\/2025\/08\/ACLU_District-of-Columbia_Moblie-Web_Color_RGB.png","width":2084,"height":2084,"caption":"ACLU of DC"},"image":{"@id":"https:\/\/www.acludc.org\/#\/schema\/logo\/image\/"}}]}},"distributor_meta":false,"distributor_terms":false,"distributor_media":false,"distributor_original_site_name":"ACLU of DC","distributor_original_site_url":"https:\/\/www.acludc.org\/es\/","push-errors":false,"_links":{"self":[{"href":"https:\/\/www.acludc.org\/es\/wp-json\/wp\/v2\/pages\/1886","targetHints":{"allow":["GET"]}}],"collection":[{"href":"https:\/\/www.acludc.org\/es\/wp-json\/wp\/v2\/pages"}],"about":[{"href":"https:\/\/www.acludc.org\/es\/wp-json\/wp\/v2\/types\/page"}],"replies":[{"embeddable":true,"href":"https:\/\/www.acludc.org\/es\/wp-json\/wp\/v2\/comments?post=1886"}],"version-history":[{"count":0,"href":"https:\/\/www.acludc.org\/es\/wp-json\/wp\/v2\/pages\/1886\/revisions"}],"wp:attachment":[{"href":"https:\/\/www.acludc.org\/es\/wp-json\/wp\/v2\/media?parent=1886"}],"curies":[{"name":"wp","href":"https:\/\/api.w.org\/{rel}","templated":true}]}}